{"id":1034,"date":"2021-07-16T22:12:26","date_gmt":"2021-07-16T22:12:26","guid":{"rendered":"http:\/\/www.dijisa.com.pe\/?page_id=1034"},"modified":"2021-09-01T20:02:18","modified_gmt":"2021-09-02T01:02:18","slug":"trabajos","status":"publish","type":"page","link":"http:\/\/www.dijisa.com.pe\/?page_id=1034","title":{"rendered":"TRABAJOS"},"content":{"rendered":"<div class=\"sjb-page\">\r\n<!-- Start: Jobs Listing Wrapper -->\r\n\r\n\r\n<!-- Start Job Filters\r\n================================================== -->\r\n<div class=\"sjb-filters sjb-filters-v2\">\r\n        <form class=\"filters-form\" action=\"http:\/\/www.dijisa.com.pe\/\" method=\"get\">\r\n        <div class=\"row\">\r\n            \r\n    <!-- Keywords Search-->    \r\n    <div class=\"sjb-search-keywords col-md-10 col-xs-12\">\r\n        <div class=\"form-group\">\r\n                            <input type=\"hidden\" value=\"1034\" name=\"page_id\" >\r\n                        <label class=\"sr-only\" for=\"keywords\">Palabras clave<\/label>\r\n            <input type=\"text\" class=\"form-control\" value=\"\" placeholder=\"Palabras clave\" id=\"keywords\" name=\"search_keywords\">\r\n        <\/div>\r\n    <\/div>\r\n    <div class=\"sjb-search-button col-md-3 col-xs-12\"><input class=\"btn-search btn btn-primary\" value=\"&#xf002;\" type=\"submit\"><\/div>        <\/div>\r\n    <\/form>\r\n<\/div>\r\n<!-- ==================================================\r\nEnd Job Filters -->\r\n\r\n\r\n<div class=\"sjb-listing\">\r\n        <!-- start Jobs Listing: List View -->\r\n    <div class=\"list-view\">\r\n        \r\n    \r\n<!-- Start Jobs List View \r\n================================================== -->\r\n<div class=\"list-data\">\r\n    <div class=\"v2\">\r\n\r\n        <!-- Jobs List view header -->\r\n        <header>\r\n            <div class=\"row\">\r\n                \r\n                <div class=\"col-md-12 col-sm-12\">\r\n                    <div class=\"sjb-company-wrapper-details-list\">\r\n                        <div class=\"row\">\r\n                            \r\n<!-- Start Company Logo\r\n================================================== -->\r\n<div class=\"col-md-8 col-sm-8\">\r\n    \r\n    <!-- ==================================================\r\nEnd Company Logo -->\r\n\r\n    <div class=\"sjb-without-logo\">\r\n    <div class=\"job-info job-without-company\">\r\n        <h4>\r\n            <a href=\"http:\/\/www.dijisa.com.pe\/?jobpost=auxiliar-de-reparto\">\r\n                <span class=\"job-title\">Auxiliar de Reparto<\/span>            <\/a>\r\n        <\/h4>\r\n        <div class=\"sjb-company-details\">\r\n                    <\/div>\r\n            <\/div>\r\n<\/div>\r\n<\/div>\r\n\r\n<!-- Start apply now button\r\n================================================== -->\r\n<div class=\"col-md-4 col-sm-4 col-xs-12 sjb-apply-now-btn\">\r\n\t<a href=\"http:\/\/www.dijisa.com.pe\/?jobpost=auxiliar-de-reparto\" class=\"btn btn-primary\">Apply Now<\/a><\/div>\r\n<!-- ==================================================\r\nEnd apply now button -->\r\n\r\n                        <\/div>\r\n                    <\/div>\r\n                <\/div>\r\n                <div class=\"clearfix\"><\/div>\r\n                <div class=\"col-md-12 col-sm-12\">\r\n                    <div class=\"sjb-job-type-location-date\">\r\n                        <div class=\"row\">\r\n                            \r\n<!-- Start Job Type\r\n================================================== -->\r\n \r\n<!-- ==================================================\r\nEnd Job Type -->\r\n\r\n\r\n<!-- Start Job's Location\r\n================================================== -->\r\n<!-- ==================================================\r\nEnd Job's Location -->\r\n\r\n\r\n<!-- Start Job Posted Date\r\n================================================== -->\r\n\t<div class=\"col-md-4 col-sm-4 col-xs-12\">\r\n        <div class=\"job-date\"><i class=\"fa fa-calendar-check-o\"><\/i>Publicado hace 5 a\u00f1os<\/div>\r\n\t<\/div>\r\n<!-- ==================================================\r\nEnd Job Posted Date -->\r\n\r\n                        <\/div>\r\n                    <\/div>\r\n\r\n                <\/div>\r\n            <\/div>\r\n        <\/header>\r\n\r\n        \r\n<!-- Start Job Short Description \r\n================================================== -->\r\n<div class=\"job-description-list\">\r\n    <p>&nbsp; \u00a1ATENCI\u00d3N! Nuevos puestos laborales Nos encontramos en la b\u00fasqueda de: Auxiliares de Almac\u00e9n Chofer de reparto A2B Auxiliar de Reparto \u00bfC\u00f3mo puedo postular? VEN PRESENCIALMENTE a nuestras...<\/p><\/div>\r\n<!-- ==================================================\r\nEnd Job Short Description  -->\r\n\r\n    <\/div>\r\n<\/div>\r\n<!-- ==================================================\r\nEnd Jobs List View -->\r\n\r\n<div class=\"clearfix\"><\/div>\r\n\r\n\r\n<!-- Start Jobs List View \r\n================================================== -->\r\n<div class=\"list-data\">\r\n    <div class=\"v2\">\r\n\r\n        <!-- Jobs List view header -->\r\n        <header>\r\n            <div class=\"row\">\r\n                \r\n                <div class=\"col-md-12 col-sm-12\">\r\n                    <div class=\"sjb-company-wrapper-details-list\">\r\n                        <div class=\"row\">\r\n                            \r\n<!-- Start Company Logo\r\n================================================== -->\r\n<div class=\"col-md-8 col-sm-8\">\r\n    \r\n    <!-- ==================================================\r\nEnd Company Logo -->\r\n\r\n    <div class=\"sjb-without-logo\">\r\n    <div class=\"job-info job-without-company\">\r\n        <h4>\r\n            <a href=\"http:\/\/www.dijisa.com.pe\/?jobpost=almacen\">\r\n                <span class=\"job-title\">Auxiliares de Almac\u00e9n<\/span>            <\/a>\r\n        <\/h4>\r\n        <div class=\"sjb-company-details\">\r\n                    <\/div>\r\n            <\/div>\r\n<\/div>\r\n<\/div>\r\n\r\n<!-- Start apply now button\r\n================================================== -->\r\n<div class=\"col-md-4 col-sm-4 col-xs-12 sjb-apply-now-btn\">\r\n\t<a href=\"http:\/\/www.dijisa.com.pe\/?jobpost=almacen\" class=\"btn btn-primary\">Apply Now<\/a><\/div>\r\n<!-- ==================================================\r\nEnd apply now button -->\r\n\r\n                        <\/div>\r\n                    <\/div>\r\n                <\/div>\r\n                <div class=\"clearfix\"><\/div>\r\n                <div class=\"col-md-12 col-sm-12\">\r\n                    <div class=\"sjb-job-type-location-date\">\r\n                        <div class=\"row\">\r\n                            \r\n<!-- Start Job Type\r\n================================================== -->\r\n \r\n<!-- ==================================================\r\nEnd Job Type -->\r\n\r\n\r\n<!-- Start Job's Location\r\n================================================== -->\r\n<!-- ==================================================\r\nEnd Job's Location -->\r\n\r\n\r\n<!-- Start Job Posted Date\r\n================================================== -->\r\n\t<div class=\"col-md-4 col-sm-4 col-xs-12\">\r\n        <div class=\"job-date\"><i class=\"fa fa-calendar-check-o\"><\/i>Publicado hace 5 a\u00f1os<\/div>\r\n\t<\/div>\r\n<!-- ==================================================\r\nEnd Job Posted Date -->\r\n\r\n                        <\/div>\r\n                    <\/div>\r\n\r\n                <\/div>\r\n            <\/div>\r\n        <\/header>\r\n\r\n        \r\n<!-- Start Job Short Description \r\n================================================== -->\r\n<div class=\"job-description-list\">\r\n    <p>&nbsp; \u00a1ATENCI\u00d3N! Nuevos puestos laborales Nos encontramos en la b\u00fasqueda de: Auxiliares de Almac\u00e9n Chofer de reparto Auxiliar de Reparto \u00bfC\u00f3mo puedo postular? VEN PRESENCIALMENTE a nuestras ofi...<\/p><\/div>\r\n<!-- ==================================================\r\nEnd Job Short Description  -->\r\n\r\n    <\/div>\r\n<\/div>\r\n<!-- ==================================================\r\nEnd Jobs List View -->\r\n\r\n<div class=\"clearfix\"><\/div>\r\n\r\n\r\n<!-- Start Jobs List View \r\n================================================== -->\r\n<div class=\"list-data\">\r\n    <div class=\"v2\">\r\n\r\n        <!-- Jobs List view header -->\r\n        <header>\r\n            <div class=\"row\">\r\n                \r\n                <div class=\"col-md-12 col-sm-12\">\r\n                    <div class=\"sjb-company-wrapper-details-list\">\r\n                        <div class=\"row\">\r\n                            \r\n<!-- Start Company Logo\r\n================================================== -->\r\n<div class=\"col-md-8 col-sm-8\">\r\n    \r\n    <!-- ==================================================\r\nEnd Company Logo -->\r\n\r\n    <div class=\"sjb-without-logo\">\r\n    <div class=\"job-info job-without-company\">\r\n        <h4>\r\n            <a href=\"http:\/\/www.dijisa.com.pe\/?jobpost=chofer\">\r\n                <span class=\"job-title\">Chofer de reparto A2B<\/span>            <\/a>\r\n        <\/h4>\r\n        <div class=\"sjb-company-details\">\r\n                    <\/div>\r\n            <\/div>\r\n<\/div>\r\n<\/div>\r\n\r\n<!-- Start apply now button\r\n================================================== -->\r\n<div class=\"col-md-4 col-sm-4 col-xs-12 sjb-apply-now-btn\">\r\n\t<a href=\"http:\/\/www.dijisa.com.pe\/?jobpost=chofer\" class=\"btn btn-primary\">Apply Now<\/a><\/div>\r\n<!-- ==================================================\r\nEnd apply now button -->\r\n\r\n                        <\/div>\r\n                    <\/div>\r\n                <\/div>\r\n                <div class=\"clearfix\"><\/div>\r\n                <div class=\"col-md-12 col-sm-12\">\r\n                    <div class=\"sjb-job-type-location-date\">\r\n                        <div class=\"row\">\r\n                            \r\n<!-- Start Job Type\r\n================================================== -->\r\n \r\n<!-- ==================================================\r\nEnd Job Type -->\r\n\r\n\r\n<!-- Start Job's Location\r\n================================================== -->\r\n<!-- ==================================================\r\nEnd Job's Location -->\r\n\r\n\r\n<!-- Start Job Posted Date\r\n================================================== -->\r\n\t<div class=\"col-md-4 col-sm-4 col-xs-12\">\r\n        <div class=\"job-date\"><i class=\"fa fa-calendar-check-o\"><\/i>Publicado hace 5 a\u00f1os<\/div>\r\n\t<\/div>\r\n<!-- ==================================================\r\nEnd Job Posted Date -->\r\n\r\n                        <\/div>\r\n                    <\/div>\r\n\r\n                <\/div>\r\n            <\/div>\r\n        <\/header>\r\n\r\n        \r\n<!-- Start Job Short Description \r\n================================================== -->\r\n<div class=\"job-description-list\">\r\n    <p>HAPPYLAND\r\nSomos la cadena de centros de entretenci\u00f3n familiar l\u00edder en Latinoam\u00e9rica, con m\u00e1s de 25 a\u00f1os de experiencia y 90 locales ubicados en los principales centros comerciales de Chile, Per...<\/p><\/div>\r\n<!-- ==================================================\r\nEnd Job Short Description  -->\r\n\r\n    <\/div>\r\n<\/div>\r\n<!-- ==================================================\r\nEnd Jobs List View -->\r\n\r\n<div class=\"clearfix\"><\/div>\r\n\r\n\r\n    <\/div> <!-- end Jobs Listing: List View -->\r\n<\/div>\r\n<!-- End: Jobs Listing -->\r\n\r\n<div class=\"clearfix\"><\/div>\r\n<\/div>\r\n<!-- End: Jobs Listing Wrapper -->\r\n\r\n","protected":false},"excerpt":{"rendered":"","protected":false},"author":1,"featured_media":0,"parent":0,"menu_order":0,"comment_status":"closed","ping_status":"closed","template":"elementor_header_footer","meta":{"footnotes":""},"class_list":["post-1034","page","type-page","status-publish","hentry"],"_links":{"self":[{"href":"http:\/\/www.dijisa.com.pe\/index.php?rest_route=\/wp\/v2\/pages\/1034","targetHints":{"allow":["GET"]}}],"collection":[{"href":"http:\/\/www.dijisa.com.pe\/index.php?rest_route=\/wp\/v2\/pages"}],"about":[{"href":"http:\/\/www.dijisa.com.pe\/index.php?rest_route=\/wp\/v2\/types\/page"}],"author":[{"embeddable":true,"href":"http:\/\/www.dijisa.com.pe\/index.php?rest_route=\/wp\/v2\/users\/1"}],"replies":[{"embeddable":true,"href":"http:\/\/www.dijisa.com.pe\/index.php?rest_route=%2Fwp%2Fv2%2Fcomments&post=1034"}],"version-history":[{"count":6,"href":"http:\/\/www.dijisa.com.pe\/index.php?rest_route=\/wp\/v2\/pages\/1034\/revisions"}],"predecessor-version":[{"id":1253,"href":"http:\/\/www.dijisa.com.pe\/index.php?rest_route=\/wp\/v2\/pages\/1034\/revisions\/1253"}],"wp:attachment":[{"href":"http:\/\/www.dijisa.com.pe\/index.php?rest_route=%2Fwp%2Fv2%2Fmedia&parent=1034"}],"curies":[{"name":"wp","href":"https:\/\/api.w.org\/{rel}","templated":true}]}}